{"id":127,"date":"2023-11-01T13:34:17","date_gmt":"2023-11-01T12:34:17","guid":{"rendered":"https:\/\/newpoems.eu\/?post_type=product&#038;p=127"},"modified":"2024-01-11T18:21:49","modified_gmt":"2024-01-11T17:21:49","slug":"diapir-black-dress","status":"publish","type":"product","link":"https:\/\/newpoems.eu\/?product=diapir-black-dress","title":{"rendered":"DIAPIR BLACK DRESS"},"content":{"rendered":"<div id=\"dslc-theme-content\"><div id=\"dslc-theme-content-inner\"><ul>\n<li>Kolor: Czarny<\/li>\n<li>Wykonana z ekologicznej, przyjaznej dla \u015brodowiska tkaniny Tencel\u00ae Lyocell<\/li>\n<li>Certyfikat OEKO-TEX\u00ae Standard 100.<\/li>\n<li>Niewielki okr\u0105g\u0142y dekolt<\/li>\n<li>Mocno zaznaczona linia ramion dzi\u0119ki wbudowanym poduszkom<\/li>\n<li>Ozdobne marszczenia na ramionach<\/li>\n<li>Rozci\u0119cie z przodu u do\u0142u<\/li>\n<li>D\u0142ugo\u015b\u0107 mini<\/li>\n<li>Kryty zamek na plecach<\/li>\n<li>D\u0142ugie r\u0119kawy z ozdobn\u0105 zak\u0142adka oraz efektownymi, d\u0142ugimi sznurkami<\/li>\n<li>Bez podszewki<\/li>\n<\/ul>\n<\/div><\/div>","protected":false},"excerpt":{"rendered":"<p>Kolekcja Lava to wsp\u00f3\u0142czesna ods\u0142ona power dressing. Sylwetki zainspirowane majestatycznym i surowym krajobrazem p\u00f3\u0142nocy w nowoczesny spos\u00f3b odwo\u0142uj\u0105 si\u0119 do stylu lat 80 tych. Lava to unikatowa propozycja dla kobiet, kt\u00f3re chc\u0105 wyrazi\u0107 sw\u00f3j indywidualizm i charakter. Minimalistyczne formy uzupe\u0142niaj\u0105 efektowne detale w postaci marszcze\u0144 i sznurk\u00f3w.<\/p>\n","protected":false},"featured_media":240,"comment_status":"open","ping_status":"closed","template":"","meta":{"_acf_changed":false},"product_brand":[],"product_cat":[30],"product_tag":[],"class_list":{"0":"post-127","1":"product","2":"type-product","3":"status-publish","4":"has-post-thumbnail","6":"product_cat-clothing","8":"first","9":"instock","10":"shipping-taxable","11":"purchasable","12":"product-type-variable"},"acf":[],"_links":{"self":[{"href":"https:\/\/newpoems.eu\/index.php?rest_route=\/wp\/v2\/product\/127","targetHints":{"allow":["GET"]}}],"collection":[{"href":"https:\/\/newpoems.eu\/index.php?rest_route=\/wp\/v2\/product"}],"about":[{"href":"https:\/\/newpoems.eu\/index.php?rest_route=\/wp\/v2\/types\/product"}],"replies":[{"embeddable":true,"href":"https:\/\/newpoems.eu\/index.php?rest_route=%2Fwp%2Fv2%2Fcomments&post=127"}],"wp:featuredmedia":[{"embeddable":true,"href":"https:\/\/newpoems.eu\/index.php?rest_route=\/wp\/v2\/media\/240"}],"wp:attachment":[{"href":"https:\/\/newpoems.eu\/index.php?rest_route=%2Fwp%2Fv2%2Fmedia&parent=127"}],"wp:term":[{"taxonomy":"product_brand","embeddable":true,"href":"https:\/\/newpoems.eu\/index.php?rest_route=%2Fwp%2Fv2%2Fproduct_brand&post=127"},{"taxonomy":"product_cat","embeddable":true,"href":"https:\/\/newpoems.eu\/index.php?rest_route=%2Fwp%2Fv2%2Fproduct_cat&post=127"},{"taxonomy":"product_tag","embeddable":true,"href":"https:\/\/newpoems.eu\/index.php?rest_route=%2Fwp%2Fv2%2Fproduct_tag&post=127"}],"curies":[{"name":"wp","href":"https:\/\/api.w.org\/{rel}","templated":true}]}}